{"id":485,"date":"2017-05-10T15:28:48","date_gmt":"2017-05-10T14:28:48","guid":{"rendered":"http:\/\/www.icompario.com\/about-us\/"},"modified":"2025-04-30T15:32:55","modified_gmt":"2025-04-30T14:32:55","slug":"uber-uns","status":"publish","type":"page","link":"https:\/\/www.icompario.com\/de-de\/uber-uns\/","title":{"rendered":"\u00dcber iCompario"},"content":{"rendered":"<h3 style=\"text-align: justify;\">Die gr\u00f6\u00dfte Webseite zum vergleichen von Tankkarten<\/h3>\n<p style=\"text-align: justify;\">\u00dcber uns &#8211; Wir sind ein engagiertes Team von Tankkartenspezialisten mit langj\u00e4hriger Branchenerfahrung. Wir verstehen, wie wichtig die Vereinbarkeit von Beruf und Familie ist. Wir wissen auch, dass Sie hart f\u00fcr Ihr Geld arbeiten und dass es nicht leicht ist, das richtige Produkt f\u00fcr Ihr Unternehmen zu finden, egal, ob Sie Einzelunternehmer sind, zum Mittelstand geh\u00f6ren, oder ein gro\u00dfes Unternehmen sind. F\u00fcr einige Unternehmen bedeutet dies die richtige Tankkarte zu finden, die ihren Bed\u00fcrfnissen am besten entspricht. Sie k\u00f6nnen sich auch Multi-Card-Angebote einholen , um sicherzustellen, dass Sie, wo auch immer sich Ihre Fahrer befinden, stets g\u00fcnstige und ma\u00dfgeschneiderte Tankkarten haben.<\/p>\n<p style=\"text-align: justify;\">Wir m\u00f6chten Ihnen helfen, Zeit und Geld zu sparen, wenn es um Ihre Tankkarten- und Flottenmanagement-Anforderungen geht. Wir liefern klare Informationen, damit Sie ein Produkt beziehen k\u00f6nnen, das Ihren spezifischen Gesch\u00e4ftsanforderungen entspricht. iCompario macht es sich zur Aufgabe f\u00fcr Sie in einem gro\u00dfen Netzwerk lokaler Tankkartenanbieter den besten Partner zu finden, der Ihnen die besten Angebote unterbreitet, egal wo Sie sich befinden.<br \/>\niCompario wurde 2017 gegr\u00fcndet und hat sich mit unseren etablierten Partnern schnell zu einer der erfolgreichsten Webseiten zum Vergleich von Tankkarten und Flottenl\u00f6sungen entwickelt..<\/p>\n<h3 style=\"text-align: justify;\">Warum iCompario<\/h3>\n<h4 style=\"text-align: justify;\">Was uns auszeichnet<\/h4>\n<ul style=\"text-align: justify;\">\n<li>Wir bieten den pers\u00f6nlichen Kontakt gepaart mit gutter Branchenkenntnis \u2026<\/li>\n<li>Wir k\u00f6nnen auf das gr\u00f6\u00dfte Netzwerk von Marken und Netzwerken zur\u00fcckgreifen und diese vergleichen\u2026<\/li>\n<li>Wir verstehen Ihre Unternehmensabl\u00e4ufe und die Herausforderungen bei Ihrem Wachstum\u2026<\/li>\n<li>Partnerschaften mit den etabliertesten und innovativsten Unternehmen f\u00fcr Flottenl\u00f6sungen undTankkarten\u2026<\/li>\n<li>Wir halten die Abl\u00e4ufe einfach und direkt\u2026<\/li>\n<\/ul>\n<h4 style=\"text-align: justify;\">Warum mit uns vergleichen<\/h4>\n<ul>\n<li style=\"text-align: justify;\">Wir haben die ausf\u00fchrlichsten Vergleichsm\u00f6glichkeiten\u2026<\/li>\n<li style=\"text-align: justify;\">Unsere Ergebnisse werden immer nach Ihren Berd\u00fcrfnissen zur Verf\u00fcgung gestellt&#8230;<\/li>\n<li style=\"text-align: justify;\">Jeder Kunde wird pers\u00f6nlich und individuell betreut\u2026<\/li>\n<li style=\"text-align: justify;\">Unsere Partner bieten die gr\u00f6\u00dftm\u00f6glichen Rabatte an und binden Sie nicht mit Laufzeiten oder Mindestabnahmen an sich\u2026<\/li>\n<li style=\"text-align: justify;\">iCompario verschafft Ihnen Zugriff auf die flexibelsten L\u00f6sungen. Kostenfrei\u2026<\/li>\n<li style=\"text-align: justify;\">Wir unterst\u00fctzen Sie bei der Kredit\u00fcberpr\u00fcfung Ihres Tankkartenantrages\u2026<\/li>\n<li style=\"text-align: justify;\">Wir unterst\u00fctzen Sie bei jedem Schritt des Wachstums\u2026<\/li>\n<li style=\"text-align: justify;\">Zugang zu den sichersten Tankkarten auf dem Markt\u2026<\/li>\n<\/ul>\n<h3>Mehr \u00fcber uns<\/h3>\n<ul>\n<li>Unsere\u00a0<a href=\"https:\/\/www.radius.com\/legal\/en\/privacy-policy-en\/\" target=\"_blank\" rel=\"noopener\">Privacy Policy<\/a><\/li>\n<li>Unsere\u00a0<a href=\"https:\/\/www.icompario.com\/de-de\/allgemeine-geschaftsbedingungen-agb\/\">Terms\u00a0and Conditions<\/a><\/li>\n<li>Unsere\u00a0<a href=\"https:\/\/www.radius.com\/legal\/en\/cookie-policy-en\/\" target=\"_blank\" rel=\"noopener\">Cookie Policy<\/a><\/li>\n<\/ul>\n<p>iCompario geh\u00f6rt zu Radius Payment Solutions Ltd., einer Limited Company, die in England und Wales unter der Firmennummer 08260702 registriert ist und deren Hauptsitz sich in Eurocard Centre, Herald Drive, Crewe CW1 6EG befindet.<\/p>\n<p>&nbsp;<\/p>\n","protected":false},"excerpt":{"rendered":"<p>Die gr\u00f6\u00dfte Webseite zum vergleichen von Tankkarten \u00dcber uns &#8211; Wir sind ein engagiertes Team von Tankkartenspezialisten mit langj\u00e4hriger Branchenerfahrung. Wir verstehen, wie wichtig die Vereinbarkeit von Beruf und Familie ist. Wir wissen auch, dass Sie hart f\u00fcr Ihr Geld arbeiten und dass es nicht leicht ist, das richtige Produkt f\u00fcr Ihr Unternehmen zu finden, [&#8230;]<\/p>\n<p><a class=\"btn btn-secondary understrap-read-more-link\" href=\"https:\/\/www.icompario.com\/de-de\/uber-uns\/\">Weiterlesen&#8230;<\/a><\/p>\n","protected":false},"author":1,"featured_media":0,"parent":0,"menu_order":0,"comment_status":"closed","ping_status":"closed","template":"page-icom-v2-main.blade.php","meta":{"_acf_changed":false,"inline_featured_image":false,"footnotes":""},"class_list":["post-485","page","type-page","status-publish","hentry"],"acf":[],"_links":{"self":[{"href":"https:\/\/www.icompario.com\/de-de\/wp-json\/wp\/v2\/pages\/485"}],"collection":[{"href":"https:\/\/www.icompario.com\/de-de\/wp-json\/wp\/v2\/pages"}],"about":[{"href":"https:\/\/www.icompario.com\/de-de\/wp-json\/wp\/v2\/types\/page"}],"author":[{"embeddable":true,"href":"https:\/\/www.icompario.com\/de-de\/wp-json\/wp\/v2\/users\/1"}],"replies":[{"embeddable":true,"href":"https:\/\/www.icompario.com\/de-de\/wp-json\/wp\/v2\/comments?post=485"}],"version-history":[{"count":3,"href":"https:\/\/www.icompario.com\/de-de\/wp-json\/wp\/v2\/pages\/485\/revisions"}],"predecessor-version":[{"id":30838,"href":"https:\/\/www.icompario.com\/de-de\/wp-json\/wp\/v2\/pages\/485\/revisions\/30838"}],"wp:attachment":[{"href":"https:\/\/www.icompario.com\/de-de\/wp-json\/wp\/v2\/media?parent=485"}],"curies":[{"name":"wp","href":"https:\/\/api.w.org\/{rel}","templated":true}]}}