{"id":486,"date":"2017-05-10T15:28:48","date_gmt":"2017-05-10T14:28:48","guid":{"rendered":"http:\/\/www.icompario.com\/about-us\/"},"modified":"2025-04-30T11:27:30","modified_gmt":"2025-04-30T10:27:30","slug":"chi-siamo","status":"publish","type":"page","link":"https:\/\/www.icompario.com\/it-it\/chi-siamo\/","title":{"rendered":"Chi Siamo"},"content":{"rendered":"<p><strong>Missione<br \/>\n<\/strong><br \/>\nLa nostra missione \u00e8 semplice, aiutare tutte le aziende a risparmiare tempo e denaro per gestire le proprie flotte, sia che dispongano solo di un veicolo o dispongano di una flotta aziendale.<\/p>\n<p><strong>Su di noi:<\/strong><\/p>\n<p>Siamo il pi\u00f9 grande sito web per confrontare le carte carburanti nel mondo e questo ci consente di ricercare attraverso una vasta rete di fornitori le carte carburanti con le migliori offerte nel mercato. Per alcune aziende baster\u00e0 semplicemente l&#8217;accesso a una carta che meglio si adatta alle loro esigenze, per altre imprese siamo in grado di generare le offerte multi-card per assicurare ai loro autisti di avere sempre le migliori carte carburanti in mano.<\/p>\n<p>Invieremo direttamente tutte le richieste di carte carburanti a un ufficio dislocato in ogni paese che aiuter\u00e0 immediatamente le aziende a risparmiare e ridurre i loro costi sul carburante. Noi non procederemo in alcun modo direttamente sulle richieste. Siamo esperti nel trovare le migliori offerte dislocate nel mondo per le vostre esigenze e le passiamo direttamente a voi. Sappiamo che il risparmio di denaro sulla gestione della flotta \u00e8 importante sia per le piccole aziende che per le grandi realt\u00e0.<br \/>\n<strong>Il nostro impegno per te<br \/>\n<\/strong><br \/>\n\u2022 Fornire un modo facile da usare per vedere una grande variet\u00e0 di carte carburanti nel mondo<br \/>\n\u2022 Ci sforziamo nel mostrare sempre il prodotto pi\u00f9 competitivo disponibile dalla vasta gamma di aziende con cui lavoriamo<br \/>\n\u2022 Forniamo strumenti per consentire un facile confronto delle carte carburanti e dei sistemi di gestione delle flotte<br \/>\n\u2022 Le carte carburanti funzionano in base alle specifiche necessit\u00e0 di ogni cliente, pi\u00f9 dettagli fornisce il cliente e meglio il sito trover\u00e0 la carta adatta alle sue esigenze.<br \/>\n\u2022 Fornire la miglior carta carburante in base alle tratte effettuate da ogni singolo cliente.<br \/>\n\u2022 Sviluppare continuamente la nostra offerta per offrirvi le migliori soluzioni di gestione delle flotte da tutto il mondo.<\/p>\n<ul>\n<li><strong><br \/>\nCon chi lavoriamo?<br \/>\n<\/strong><br \/>\nLavoriamo con un gruppo selezionato di societ\u00e0 di carte carburanti per mostrarvi uno dei pi\u00f9 grandi siti web di comparazione su di esse. I brand disponibili sul nostro sito sono:<br \/>\nBP Donde Est\u00e9s<\/li>\n<li>BP Fleet<\/li>\n<li>BP FPG<\/li>\n<li>BP Plus<\/li>\n<li>BP Plus Bunker<\/li>\n<li>Bunkerplus<\/li>\n<li>Cartissima Q8 Business<\/li>\n<li>CCP<\/li>\n<li>Crystal<\/li>\n<li>DCI<\/li>\n<li>Diesel Price Guarantee<\/li>\n<li>Diesel Tracker<\/li>\n<li>Direct Fuels<\/li>\n<li>DKV International<\/li>\n<li>DKV National<\/li>\n<li>E.Leclerc<\/li>\n<li>EDC Fuel Card<\/li>\n<li>Esso Europe<\/li>\n<li>Esso Fleet<\/li>\n<li>Esso National<\/li>\n<li>Esso Truck<\/li>\n<li>European Diesel Card<\/li>\n<li>FleetCard<\/li>\n<li>Fleetone<\/li>\n<li>Fleetpass<\/li>\n<li>Fuel Genie<\/li>\n<li>FuelPlus<\/li>\n<li>Jet Card<\/li>\n<li>My Diesel Trader<\/li>\n<li>Network Fuel Card<\/li>\n<li>Novofleet<\/li>\n<li>Shell CRT<\/li>\n<li>Shell Fleet<\/li>\n<li>Shell Malaysia<\/li>\n<li>Shell Multi<\/li>\n<li>Shell Singapore<\/li>\n<li>Smart Diesel<\/li>\n<li>Texaco Diesel Card<\/li>\n<li>Texaco Fast Fuel<\/li>\n<li>Texaco the Business<\/li>\n<li>TruckOne<\/li>\n<li>UK Fuels<\/li>\n<li>UK Fuels Bunker<\/li>\n<\/ul>\n<p>iCompario fa parte di Radius Limited, una societ\u00e0 a responsabilit\u00e0 limitata registrata in Inghilterra e Galles sotto il numero di societ\u00e0 08260702 con sede in Eurocard Centre, Herald Drive, Crewe CW1 6EG<\/p>\n<p>&nbsp;<\/p>\n","protected":false},"excerpt":{"rendered":"<p>Missione La nostra missione \u00e8 semplice, aiutare tutte le aziende a risparmiare tempo e denaro per gestire le proprie flotte, sia che dispongano solo di un veicolo o dispongano di una flotta aziendale. Su di noi: Siamo il pi\u00f9 grande sito web per confrontare le carte carburanti nel mondo e questo ci consente di ricercare [&#8230;]<\/p>\n<p><a class=\"btn btn-secondary understrap-read-more-link\" href=\"https:\/\/www.icompario.com\/it-it\/chi-siamo\/\">Leggi tutto&#8230;<\/a><\/p>\n","protected":false},"author":1,"featured_media":0,"parent":0,"menu_order":0,"comment_status":"closed","ping_status":"closed","template":"page-icom-v2-main.blade.php","meta":{"_acf_changed":false,"inline_featured_image":false,"footnotes":""},"class_list":["post-486","page","type-page","status-publish","hentry"],"acf":[],"_links":{"self":[{"href":"https:\/\/www.icompario.com\/it-it\/wp-json\/wp\/v2\/pages\/486"}],"collection":[{"href":"https:\/\/www.icompario.com\/it-it\/wp-json\/wp\/v2\/pages"}],"about":[{"href":"https:\/\/www.icompario.com\/it-it\/wp-json\/wp\/v2\/types\/page"}],"author":[{"embeddable":true,"href":"https:\/\/www.icompario.com\/it-it\/wp-json\/wp\/v2\/users\/1"}],"replies":[{"embeddable":true,"href":"https:\/\/www.icompario.com\/it-it\/wp-json\/wp\/v2\/comments?post=486"}],"version-history":[{"count":2,"href":"https:\/\/www.icompario.com\/it-it\/wp-json\/wp\/v2\/pages\/486\/revisions"}],"predecessor-version":[{"id":30822,"href":"https:\/\/www.icompario.com\/it-it\/wp-json\/wp\/v2\/pages\/486\/revisions\/30822"}],"wp:attachment":[{"href":"https:\/\/www.icompario.com\/it-it\/wp-json\/wp\/v2\/media?parent=486"}],"curies":[{"name":"wp","href":"https:\/\/api.w.org\/{rel}","templated":true}]}}