{"id":2620,"date":"2019-01-09T13:31:22","date_gmt":"2019-01-09T13:31:22","guid":{"rendered":"http:\/\/www.icompario.com\/?page_id=2620"},"modified":"2023-10-27T09:29:15","modified_gmt":"2023-10-27T08:29:15","slug":"porque-icompario","status":"publish","type":"page","link":"https:\/\/www.icompario.com\/pt-pt\/sobre-nos\/porque-icompario\/","title":{"rendered":"Porqu\u00ea iCompario"},"content":{"rendered":"<p>Somos pessoas reais e especialistas da industria<\/p>\n<p>Sabemos o que estamos a fazer quando se trata de encontrar as condi\u00e7\u00f5es comerciais mais adequadas \u00e0s necessidades do seu neg\u00f3cio. Com os nossos especialistas, que contam com mais de 30 anos de experi\u00eancia no mercado, sabemos como poupar dinheiro e reduzir custos ao encontrarmos o produto certo para os nossos clientes.<\/p>\n","protected":false},"excerpt":{"rendered":"<p>Somos pessoas reais e especialistas da industria Sabemos o que estamos a fazer quando se trata de encontrar as condi\u00e7\u00f5es comerciais mais adequadas \u00e0s necessidades do seu neg\u00f3cio. Com os nossos especialistas, que contam com mais de 30 anos de experi\u00eancia no mercado, sabemos como poupar dinheiro e reduzir custos ao encontrarmos o produto certo [&#8230;]<\/p>\n<p><a class=\"btn btn-secondary understrap-read-more-link\" href=\"https:\/\/www.icompario.com\/pt-pt\/sobre-nos\/porque-icompario\/\">Continuar a ler&#8230;<\/a><\/p>\n","protected":false},"author":4,"featured_media":0,"parent":487,"menu_order":0,"comment_status":"closed","ping_status":"closed","template":"page-icom-general-page.blade.php","meta":{"_acf_changed":false,"inline_featured_image":false,"footnotes":""},"class_list":["post-2620","page","type-page","status-publish","hentry"],"acf":[],"_links":{"self":[{"href":"https:\/\/www.icompario.com\/pt-pt\/wp-json\/wp\/v2\/pages\/2620"}],"collection":[{"href":"https:\/\/www.icompario.com\/pt-pt\/wp-json\/wp\/v2\/pages"}],"about":[{"href":"https:\/\/www.icompario.com\/pt-pt\/wp-json\/wp\/v2\/types\/page"}],"author":[{"embeddable":true,"href":"https:\/\/www.icompario.com\/pt-pt\/wp-json\/wp\/v2\/users\/4"}],"replies":[{"embeddable":true,"href":"https:\/\/www.icompario.com\/pt-pt\/wp-json\/wp\/v2\/comments?post=2620"}],"version-history":[{"count":1,"href":"https:\/\/www.icompario.com\/pt-pt\/wp-json\/wp\/v2\/pages\/2620\/revisions"}],"predecessor-version":[{"id":27707,"href":"https:\/\/www.icompario.com\/pt-pt\/wp-json\/wp\/v2\/pages\/2620\/revisions\/27707"}],"up":[{"embeddable":true,"href":"https:\/\/www.icompario.com\/pt-pt\/wp-json\/wp\/v2\/pages\/487"}],"wp:attachment":[{"href":"https:\/\/www.icompario.com\/pt-pt\/wp-json\/wp\/v2\/media?parent=2620"}],"curies":[{"name":"wp","href":"https:\/\/api.w.org\/{rel}","templated":true}]}}